{"id":974,"date":"2025-07-08T17:17:33","date_gmt":"2025-07-08T15:17:33","guid":{"rendered":"https:\/\/www.institutdeslangagesvibratoires.fr\/index.php\/produit\/les-rencontres-vibratoires\/"},"modified":"2025-11-13T16:19:37","modified_gmt":"2025-11-13T15:19:37","slug":"les-rencontres-vibratoires","status":"publish","type":"product","link":"https:\/\/www.institutdeslangagesvibratoires.fr\/index.php\/produit\/les-rencontres-vibratoires\/","title":{"rendered":"Ateliers mensuels"},"content":{"rendered":"<p data-start=\"1484\" data-end=\"1742\">Une \u00e0 2 fois par mois, je propose un <strong data-start=\"1517\" data-end=\"1538\">atelier<\/strong>, pens\u00e9 comme une parenth\u00e8se dans le quotidien. Ces rencontres s\u2019adressent aux personnes sensibles, souvent fatigu\u00e9es par le rythme de la vie, le stress ou les \u00e9motions difficiles \u00e0 canaliser.<\/p>\n<p data-start=\"1744\" data-end=\"2040\">Chaque atelier est un v\u00e9ritable espace d\u2019exploration. \u00c0 travers des mouvements doux et une respiration consciente, vous rel\u00e2chez les tensions et apaisez votre syst\u00e8me nerveux. Les pratiques sensorielles vous ram\u00e8nent \u00e0 vos ressentis, tandis que les temps de silence et d\u2019introspection ouvrent un espace pour \u00e9couter ce qui se vit en vous. Nous explorons aussi vos m\u00e9canismes r\u00e9actionnels et les parts de vous engag\u00e9es dans la relation, afin de mieux comprendre vos fonctionnements int\u00e9rieurs. La s\u00e9ance se termine par une immersion vibratoire guid\u00e9e, qui favorise l\u2019int\u00e9gration de l\u2019exp\u00e9rience et r\u00e9\u00e9quilibre vos \u00e9nergies en profondeur. Ces explorations vous permettent de transformer votre hypersensibilit\u00e9 en alli\u00e9e, de retrouver un sentiment durable de clart\u00e9 et de calme, et de partager un moment soutenant et chaleureux en petit groupe.<\/p>\n<p data-start=\"2042\" data-end=\"2318\">Ces ateliers offrent l\u2019occasion de ralentir, de retrouver un ancrage corporel et d\u2019exp\u00e9rimenter des pratiques simples que vous pourrez r\u00e9utiliser dans votre quotidien. C\u2019est aussi un espace de rencontre, o\u00f9 chacun peut partager et se sentir moins seul face \u00e0 sa sensibilit\u00e9.<\/p>\n<p>&nbsp;<\/p>\n<p><a href=\"https:\/\/t.me\/+N2boSerVH_4xMjc0\" target=\"_blank\" rel=\"noopener\">\ud83d\udcf2 Pour suivre toutes les infos pratiques (dates, m\u00e9t\u00e9o, lieux pr\u00e9cis\u2026) : Rejoins le canal Telegram<\/a><\/p>\n","protected":false},"excerpt":{"rendered":"<p>Une \u00e0 2 fois par mois, je propose un atelier, pens\u00e9 comme une parenth\u00e8se dans le quotidien. Ces rencontres s\u2019adressent aux personnes sensibles, souvent fatigu\u00e9es par le rythme de la vie, le stress ou les \u00e9motions difficiles \u00e0 canaliser. Chaque atelier est un v\u00e9ritable espace d\u2019exploration. \u00c0 travers des mouvements [&hellip;]<\/p>\n","protected":false},"featured_media":981,"template":"","meta":[],"product_brand":[],"product_cat":[21],"product_tag":[],"class_list":{"0":"post-974","1":"product","2":"type-product","3":"status-publish","4":"has-post-thumbnail","6":"product_cat-approuve","8":"first","9":"instock","10":"shipping-taxable","11":"purchasable","12":"product-type-variable"},"_links":{"self":[{"href":"https:\/\/www.institutdeslangagesvibratoires.fr\/index.php\/wp-json\/wp\/v2\/product\/974","targetHints":{"allow":["GET"]}}],"collection":[{"href":"https:\/\/www.institutdeslangagesvibratoires.fr\/index.php\/wp-json\/wp\/v2\/product"}],"about":[{"href":"https:\/\/www.institutdeslangagesvibratoires.fr\/index.php\/wp-json\/wp\/v2\/types\/product"}],"wp:featuredmedia":[{"embeddable":true,"href":"https:\/\/www.institutdeslangagesvibratoires.fr\/index.php\/wp-json\/wp\/v2\/media\/981"}],"wp:attachment":[{"href":"https:\/\/www.institutdeslangagesvibratoires.fr\/index.php\/wp-json\/wp\/v2\/media?parent=974"}],"wp:term":[{"taxonomy":"product_brand","embeddable":true,"href":"https:\/\/www.institutdeslangagesvibratoires.fr\/index.php\/wp-json\/wp\/v2\/product_brand?post=974"},{"taxonomy":"product_cat","embeddable":true,"href":"https:\/\/www.institutdeslangagesvibratoires.fr\/index.php\/wp-json\/wp\/v2\/product_cat?post=974"},{"taxonomy":"product_tag","embeddable":true,"href":"https:\/\/www.institutdeslangagesvibratoires.fr\/index.php\/wp-json\/wp\/v2\/product_tag?post=974"}],"curies":[{"name":"wp","href":"https:\/\/api.w.org\/{rel}","templated":true}]}}