{"id":744,"date":"2025-05-07T17:33:06","date_gmt":"2025-05-07T15:33:06","guid":{"rendered":"https:\/\/www.institutdeslangagesvibratoires.fr\/?post_type=product&#038;p=744"},"modified":"2025-11-24T18:04:45","modified_gmt":"2025-11-24T17:04:45","slug":"e-book-reveille-ton-corps-pour-vibrer-pleinement","status":"publish","type":"product","link":"https:\/\/www.institutdeslangagesvibratoires.fr\/index.php\/produit\/e-book-reveille-ton-corps-pour-vibrer-pleinement\/","title":{"rendered":"E-book"},"content":{"rendered":"<p data-start=\"335\" data-end=\"386\" class=\"\"><strong data-start=\"335\" data-end=\"386\">Un eBook d\u2019\u00e9veil int\u00e9rieur \u2013 par Caroline Gassy<\/strong><\/p>\n<p data-start=\"388\" data-end=\"634\" class=\"\">Et si ton corps d\u00e9tenait les cl\u00e9s pour apaiser ton stress, raviver ton \u00e9nergie et retrouver une confiance profonde ?<br \/>\nCe livre est plus qu\u2019un simple guide : c\u2019est une <strong data-start=\"556\" data-end=\"596\">exp\u00e9rience sensorielle et vibratoire<\/strong>, un chemin de reconnexion \u00e0 toi-m\u00eame.<\/p>\n<p data-start=\"636\" data-end=\"713\" class=\"\">Une travers\u00e9e int\u00e9rieure en 3 grandes \u00e9tapes<\/p>\n<p data-start=\"956\" data-end=\"980\"><a href=\"https:\/\/www.institutdeslangagesvibratoires.fr\/wp-content\/uploads\/2025\/05\/Extrait-Ebook-reveilleTonCorps_1.pdf\">LIRE UN EXTRAIT ICI<\/a><\/p>\n<p data-start=\"956\" data-end=\"980\" class=\"\">Ce livre te propose :<\/p>\n<ul data-start=\"981\" data-end=\"1287\">\n<li data-start=\"981\" data-end=\"1047\" class=\"\">\n<p data-start=\"983\" data-end=\"1047\" class=\"\">des <strong data-start=\"987\" data-end=\"1009\">exercices concrets<\/strong> pour ralentir, respirer, ressentir,<\/p>\n<\/li>\n<li data-start=\"1048\" data-end=\"1114\" class=\"\">\n<p data-start=\"1050\" data-end=\"1114\" class=\"\">des <strong data-start=\"1054\" data-end=\"1089\">cl\u00e9s de compr\u00e9hension vibrantes<\/strong>, simples et profondes,<\/p>\n<\/li>\n<li data-start=\"1115\" data-end=\"1200\" class=\"\">\n<p data-start=\"1117\" data-end=\"1200\" class=\"\">des <strong data-start=\"1121\" data-end=\"1145\">questions puissantes<\/strong> pour clarifier tes d\u00e9sirs et transformer ta r\u00e9alit\u00e9,<\/p>\n<\/li>\n<li data-start=\"1201\" data-end=\"1287\" class=\"\">\n<p data-start=\"1203\" data-end=\"1287\" class=\"\">des <strong data-start=\"1207\" data-end=\"1286\">liens vers des m\u00e9ditations guid\u00e9es et des activations en langage vibratoire<\/strong>.<\/p>\n<\/li>\n<\/ul>\n<hr data-start=\"1602\" data-end=\"1605\" class=\"\" \/>\n<p data-start=\"1607\" data-end=\"1704\" class=\"\">\u00a0<em data-start=\"1610\" data-end=\"1704\">\u00ab Ton corps sait. Tes \u00e9motions parlent. Ta vibration cr\u00e9e. Et si ce n\u2019\u00e9tait que le d\u00e9but ? \u00bb<\/em><\/p>\n<hr data-start=\"1602\" data-end=\"1605\" class=\"\" \/>\n","protected":false},"excerpt":{"rendered":"<p>Un eBook d\u2019\u00e9veil int\u00e9rieur \u2013 par Caroline Gassy Et si ton corps d\u00e9tenait les cl\u00e9s pour apaiser ton stress, raviver ton \u00e9nergie et retrouver une confiance profonde ? Ce livre est plus qu\u2019un simple guide : c\u2019est une exp\u00e9rience sensorielle et vibratoire, un chemin de reconnexion \u00e0 toi-m\u00eame. Une travers\u00e9e [&hellip;]<\/p>\n","protected":false},"featured_media":745,"template":"","meta":[],"product_brand":[],"product_cat":[21],"product_tag":[],"class_list":{"0":"post-744","1":"product","2":"type-product","3":"status-publish","4":"has-post-thumbnail","6":"product_cat-approuve","8":"first","9":"instock","10":"sale","11":"downloadable","12":"virtual","13":"purchasable","14":"product-type-simple"},"_links":{"self":[{"href":"https:\/\/www.institutdeslangagesvibratoires.fr\/index.php\/wp-json\/wp\/v2\/product\/744","targetHints":{"allow":["GET"]}}],"collection":[{"href":"https:\/\/www.institutdeslangagesvibratoires.fr\/index.php\/wp-json\/wp\/v2\/product"}],"about":[{"href":"https:\/\/www.institutdeslangagesvibratoires.fr\/index.php\/wp-json\/wp\/v2\/types\/product"}],"wp:featuredmedia":[{"embeddable":true,"href":"https:\/\/www.institutdeslangagesvibratoires.fr\/index.php\/wp-json\/wp\/v2\/media\/745"}],"wp:attachment":[{"href":"https:\/\/www.institutdeslangagesvibratoires.fr\/index.php\/wp-json\/wp\/v2\/media?parent=744"}],"wp:term":[{"taxonomy":"product_brand","embeddable":true,"href":"https:\/\/www.institutdeslangagesvibratoires.fr\/index.php\/wp-json\/wp\/v2\/product_brand?post=744"},{"taxonomy":"product_cat","embeddable":true,"href":"https:\/\/www.institutdeslangagesvibratoires.fr\/index.php\/wp-json\/wp\/v2\/product_cat?post=744"},{"taxonomy":"product_tag","embeddable":true,"href":"https:\/\/www.institutdeslangagesvibratoires.fr\/index.php\/wp-json\/wp\/v2\/product_tag?post=744"}],"curies":[{"name":"wp","href":"https:\/\/api.w.org\/{rel}","templated":true}]}}