{"id":425,"date":"2024-10-30T13:36:13","date_gmt":"2024-10-30T12:36:13","guid":{"rendered":"https:\/\/www.institutdeslangagesvibratoires.fr\/?post_type=product&#038;p=425"},"modified":"2025-09-18T17:18:15","modified_gmt":"2025-09-18T15:18:15","slug":"seance-individuelle-sev","status":"publish","type":"product","link":"https:\/\/www.institutdeslangagesvibratoires.fr\/index.php\/produit\/seance-individuelle-sev\/","title":{"rendered":"S\u00e9ance individuelle"},"content":{"rendered":"<h2 data-start=\"279\" data-end=\"339\">S\u00e9ances individuelles \u2013 Th\u00e9rapie Somato-\u00c9motionnelle<\/h2>\n<p data-start=\"341\" data-end=\"629\">Les s\u00e9ances individuelles sont un espace pour d\u00e9poser ce qui p\u00e8se et retrouver plus de calme, d\u2019\u00e9nergie et de clart\u00e9. J\u2019accompagne les <strong data-start=\"476\" data-end=\"511\">adultes, enfants et adolescents<\/strong> qui vivent avec un trop-plein de stress, d\u2019anxi\u00e9t\u00e9, d\u2019insomnies, de fatigue persistante, de douleurs r\u00e9currentes, etc.<\/p>\n<p data-start=\"631\" data-end=\"982\">La <strong data-start=\"634\" data-end=\"666\">th\u00e9rapie somato-\u00e9motionnelle<\/strong> relie le corps et les \u00e9motions. Quand le syst\u00e8me nerveux reste bloqu\u00e9 dans un mode de survie, cela peut provoquer de l\u2019agitation int\u00e9rieure, des tensions corporelles ou une difficult\u00e9 \u00e0 r\u00e9cup\u00e9rer. En s\u00e9ance, je vous guide pour \u00e9couter vos ressentis, lib\u00e9rer les blocages et r\u00e9tablir une r\u00e9gulation plus naturelle.<\/p>\n","protected":false},"excerpt":{"rendered":"<p>S\u00e9ances individuelles \u2013 Th\u00e9rapie Somato-\u00c9motionnelle Les s\u00e9ances individuelles sont un espace pour d\u00e9poser ce qui p\u00e8se et retrouver plus de calme, d\u2019\u00e9nergie et de clart\u00e9. J\u2019accompagne les adultes, enfants et adolescents qui vivent avec un trop-plein de stress, d\u2019anxi\u00e9t\u00e9, d\u2019insomnies, de fatigue persistante, de douleurs r\u00e9currentes, etc. La th\u00e9rapie somato-\u00e9motionnelle [&hellip;]<\/p>\n","protected":false},"featured_media":798,"template":"","meta":[],"product_brand":[],"product_cat":[21],"product_tag":[],"class_list":{"0":"post-425","1":"product","2":"type-product","3":"status-publish","4":"has-post-thumbnail","6":"product_cat-approuve","8":"first","9":"instock","10":"virtual","11":"purchasable","12":"product-type-simple"},"_links":{"self":[{"href":"https:\/\/www.institutdeslangagesvibratoires.fr\/index.php\/wp-json\/wp\/v2\/product\/425","targetHints":{"allow":["GET"]}}],"collection":[{"href":"https:\/\/www.institutdeslangagesvibratoires.fr\/index.php\/wp-json\/wp\/v2\/product"}],"about":[{"href":"https:\/\/www.institutdeslangagesvibratoires.fr\/index.php\/wp-json\/wp\/v2\/types\/product"}],"wp:featuredmedia":[{"embeddable":true,"href":"https:\/\/www.institutdeslangagesvibratoires.fr\/index.php\/wp-json\/wp\/v2\/media\/798"}],"wp:attachment":[{"href":"https:\/\/www.institutdeslangagesvibratoires.fr\/index.php\/wp-json\/wp\/v2\/media?parent=425"}],"wp:term":[{"taxonomy":"product_brand","embeddable":true,"href":"https:\/\/www.institutdeslangagesvibratoires.fr\/index.php\/wp-json\/wp\/v2\/product_brand?post=425"},{"taxonomy":"product_cat","embeddable":true,"href":"https:\/\/www.institutdeslangagesvibratoires.fr\/index.php\/wp-json\/wp\/v2\/product_cat?post=425"},{"taxonomy":"product_tag","embeddable":true,"href":"https:\/\/www.institutdeslangagesvibratoires.fr\/index.php\/wp-json\/wp\/v2\/product_tag?post=425"}],"curies":[{"name":"wp","href":"https:\/\/api.w.org\/{rel}","templated":true}]}}