{"id":821,"date":"2025-05-12T17:13:16","date_gmt":"2025-05-12T15:13:16","guid":{"rendered":"https:\/\/www.institutdeslangagesvibratoires.fr\/?page_id=821"},"modified":"2025-08-27T13:12:10","modified_gmt":"2025-08-27T11:12:10","slug":"temoignages","status":"publish","type":"page","link":"https:\/\/www.institutdeslangagesvibratoires.fr\/index.php\/temoignages\/","title":{"rendered":"T\u00e9moignages"},"content":{"rendered":"\n<h1 class=\"wp-block-heading\"><\/h1>\n\n\n\n<p>Chaque personne vit l\u2019apprentissage du langage vibratoire \u00e0 sa mani\u00e8re.<br>Certains ont plong\u00e9 dans une immersion d\u2019un mois, d\u2019autres ont particip\u00e9 \u00e0 une activation ou \u00e0 une formation intensive de deux journ\u00e9es.<br>Tous d\u00e9crivent pourtant une exp\u00e9rience commune : une transformation profonde, une nouvelle pr\u00e9sence \u00e0 soi, et un rapport diff\u00e9rent au monde.<\/p>\n\n\n\n<hr class=\"wp-block-separator has-alpha-channel-opacity\"\/>\n\n\n\n<blockquote class=\"wp-block-quote is-layout-flow wp-block-quote-is-layout-flow\">\n<figure class=\"wp-block-image size-full is-resized\"><img loading=\"lazy\" decoding=\"async\" width=\"375\" height=\"77\" src=\"https:\/\/www.institutdeslangagesvibratoires.fr\/wp-content\/uploads\/2024\/10\/Capture-decran-du-2024-10-22-19-56-37.png\" alt=\"\" class=\"wp-image-362\" style=\"width:100px\" srcset=\"https:\/\/www.institutdeslangagesvibratoires.fr\/wp-content\/uploads\/2024\/10\/Capture-decran-du-2024-10-22-19-56-37.png 375w, https:\/\/www.institutdeslangagesvibratoires.fr\/wp-content\/uploads\/2024\/10\/Capture-decran-du-2024-10-22-19-56-37-300x62.png 300w\" sizes=\"auto, (max-width: 375px) 100vw, 375px\" \/><\/figure>\n\n\n\n<p><em>\u00ab Je finis juste mon immersion d\u2019un mois, waouh\u2026 le langage vibratoire me permet d\u2019acc\u00e9der directement \u00e0 qui je suis, \u00e0 toutes les parts de moi qui souhaitaient s\u2019exprimer depuis longtemps, \u00e0 cette r\u00e9alit\u00e9 vibratoire et vivante. Caroline est d\u2019une douceur et d\u2019une bienveillance incroyables. Je d\u00e9couvre un univers en moi, je vibre ce que je suis. \u00bb<\/em><br>\u2014 Sylvie<\/p>\n<\/blockquote>\n\n\n\n<blockquote class=\"wp-block-quote is-layout-flow wp-block-quote-is-layout-flow\">\n<p><em>\u00ab Lors de cette formation, j\u2019ai senti pour la premi\u00e8re fois un lien direct avec ce qui se passe en moi, au-del\u00e0 des mots. Caroline a su me mettre en confiance, et j\u2019ai pu accueillir des parts de moi qui avaient besoin d\u2019\u00eatre reconnues. Cette approche est une v\u00e9ritable d\u00e9couverte de soi et de l&rsquo;autre, tout en douceur et en profondeur. \u00bb<\/em><br>\u2014 Marie<\/p>\n<\/blockquote>\n\n\n\n<blockquote class=\"wp-block-quote is-layout-flow wp-block-quote-is-layout-flow\">\n<p><em>\u00ab Ces quatre semaines m\u2019ont permis une grande connaissance de moi-m\u00eame, \u00e0 la rencontre des diff\u00e9rentes parts de moi qui souffraient en se recroquevillant chacune de leur c\u00f4t\u00e9. J\u2019ai pu les \u00e9couter, les rassurer, les d\u00e9ployer et les r\u00e9unir pour retrouver une unit\u00e9 en moi et autour de moi. \u00bb<\/em><br>\u2014 Aurore <\/p>\n<\/blockquote>\n\n\n\n<blockquote class=\"wp-block-quote is-layout-flow wp-block-quote-is-layout-flow\">\n<figure class=\"wp-block-image size-full is-resized\"><img loading=\"lazy\" decoding=\"async\" width=\"375\" height=\"77\" src=\"https:\/\/www.institutdeslangagesvibratoires.fr\/wp-content\/uploads\/2024\/10\/Capture-decran-du-2024-10-22-19-56-37.png\" alt=\"\" class=\"wp-image-362\" style=\"width:100px\" srcset=\"https:\/\/www.institutdeslangagesvibratoires.fr\/wp-content\/uploads\/2024\/10\/Capture-decran-du-2024-10-22-19-56-37.png 375w, https:\/\/www.institutdeslangagesvibratoires.fr\/wp-content\/uploads\/2024\/10\/Capture-decran-du-2024-10-22-19-56-37-300x62.png 300w\" sizes=\"auto, (max-width: 375px) 100vw, 375px\" \/><\/figure>\n\n\n\n<p><em>\u00ab J\u2019ai d\u00e9cid\u00e9 de m\u2019offrir la session d\u2019activation des langages vibratoires pour mon anniversaire. Quelle joie intense d\u2019entendre mon \u00e2me chanter, de sentir mes mains anim\u00e9es par une force de vie, de d\u00e9couvrir ce mouvement int\u00e9rieur. Je me suis sentie en s\u00e9curit\u00e9, vivante, soulag\u00e9e, et fi\u00e8re d\u2019avoir eu le courage de lever le voile et de tenter l\u2019aventure. \u00bb<\/em><br>\u2014 C\u00e9cile<\/p>\n<\/blockquote>\n\n\n\n<blockquote class=\"wp-block-quote is-layout-flow wp-block-quote-is-layout-flow\">\n<p><em>\u00ab Ces journ\u00e9es de formation m\u2019ont apport\u00e9 une connaissance de moi que je n\u2019aurais jamais imagin\u00e9e. J\u2019ai rencontr\u00e9 des parts inconscientes, des voix internes que j\u2019ai pu entendre et qui m\u2019ont aid\u00e9e \u00e0 mieux comprendre mes blocages. Aujourd\u2019hui, je me sens plus align\u00e9e, plus ancr\u00e9e, et libre d\u2019explorer ce que je ressens vraiment. \u00bb<\/em><br>\u2014 Mathilde<\/p>\n<\/blockquote>\n\n\n\n<blockquote class=\"wp-block-quote is-layout-flow wp-block-quote-is-layout-flow\">\n<p><em>\u00ab Suite \u00e0 cette immersion, je me sens plus pr\u00e9sent et en s\u00e9curit\u00e9. J\u2019ai l\u2019impression d\u2019avoir retrouv\u00e9 la libert\u00e9 d\u2019explorer et de ressentir ce qui passe en moi et autour de moi, avec une vision nouvelle et \u00e9largie. \u00bb<\/em><br>\u2014 Laurent<\/p>\n<\/blockquote>\n\n\n\n<blockquote class=\"wp-block-quote is-layout-flow wp-block-quote-is-layout-flow\">\n<figure class=\"wp-block-image size-full is-resized\"><img loading=\"lazy\" decoding=\"async\" width=\"375\" height=\"77\" src=\"https:\/\/www.institutdeslangagesvibratoires.fr\/wp-content\/uploads\/2024\/10\/Capture-decran-du-2024-10-22-19-56-37.png\" alt=\"\" class=\"wp-image-362\" style=\"width:100px\" srcset=\"https:\/\/www.institutdeslangagesvibratoires.fr\/wp-content\/uploads\/2024\/10\/Capture-decran-du-2024-10-22-19-56-37.png 375w, https:\/\/www.institutdeslangagesvibratoires.fr\/wp-content\/uploads\/2024\/10\/Capture-decran-du-2024-10-22-19-56-37-300x62.png 300w\" sizes=\"auto, (max-width: 375px) 100vw, 375px\" \/><\/figure>\n\n\n\n<p><em>\u00ab Une formation accessible \u00e0 tous, une exp\u00e9rience riche ! Ce programme permet de se poser les bonnes questions et de se sentir pleinement vivant et int\u00e9gr\u00e9 sur cette terre. \u00bb<\/em><br>\u2014 Sabine<\/p>\n<\/blockquote>\n\n\n\n<blockquote class=\"wp-block-quote is-layout-flow wp-block-quote-is-layout-flow\">\n<figure class=\"wp-block-image size-full is-resized\"><img loading=\"lazy\" decoding=\"async\" width=\"375\" height=\"77\" src=\"https:\/\/www.institutdeslangagesvibratoires.fr\/wp-content\/uploads\/2024\/10\/Capture-decran-du-2024-10-22-19-56-37.png\" alt=\"\" class=\"wp-image-362\" style=\"width:100px\" srcset=\"https:\/\/www.institutdeslangagesvibratoires.fr\/wp-content\/uploads\/2024\/10\/Capture-decran-du-2024-10-22-19-56-37.png 375w, https:\/\/www.institutdeslangagesvibratoires.fr\/wp-content\/uploads\/2024\/10\/Capture-decran-du-2024-10-22-19-56-37-300x62.png 300w\" sizes=\"auto, (max-width: 375px) 100vw, 375px\" \/><\/figure>\n\n\n\n<p><em>\u00ab En traversant un moment difficile avec la maladie, j\u2019ai trouv\u00e9 dans cette formation un espace de paix et d\u2019\u00e9coute. Caroline m\u2019a accompagn\u00e9e \u00e0 chaque \u00e9tape, m\u2019aidant \u00e0 lib\u00e9rer des \u00e9motions enfouies et \u00e0 me reconnecter avec ma force int\u00e9rieure. Je me sens aujourd\u2019hui plus sereine, comme si un poids avait \u00e9t\u00e9 lev\u00e9. \u00bb<\/em><br>\u2014 Isabelle<\/p>\n<\/blockquote>\n\n\n\n<p><br><\/p>\n","protected":false},"excerpt":{"rendered":"<p>Chaque personne vit l\u2019apprentissage du langage vibratoire \u00e0 sa mani\u00e8re.Certains ont plong\u00e9 dans une immersion d\u2019un mois, d\u2019autres ont particip\u00e9 \u00e0 une activation ou \u00e0 une formation intensive de deux journ\u00e9es.Tous d\u00e9crivent pourtant une exp\u00e9rience commune : une transformation profonde, une nouvelle pr\u00e9sence \u00e0 soi, et un rapport diff\u00e9rent au [&hellip;]<\/p>\n","protected":false},"author":1,"featured_media":227,"parent":0,"menu_order":0,"comment_status":"closed","ping_status":"closed","template":"","meta":{"footnotes":""},"class_list":["post-821","page","type-page","status-publish","has-post-thumbnail","hentry"],"_links":{"self":[{"href":"https:\/\/www.institutdeslangagesvibratoires.fr\/index.php\/wp-json\/wp\/v2\/pages\/821","targetHints":{"allow":["GET"]}}],"collection":[{"href":"https:\/\/www.institutdeslangagesvibratoires.fr\/index.php\/wp-json\/wp\/v2\/pages"}],"about":[{"href":"https:\/\/www.institutdeslangagesvibratoires.fr\/index.php\/wp-json\/wp\/v2\/types\/page"}],"author":[{"embeddable":true,"href":"https:\/\/www.institutdeslangagesvibratoires.fr\/index.php\/wp-json\/wp\/v2\/users\/1"}],"replies":[{"embeddable":true,"href":"https:\/\/www.institutdeslangagesvibratoires.fr\/index.php\/wp-json\/wp\/v2\/comments?post=821"}],"version-history":[{"count":8,"href":"https:\/\/www.institutdeslangagesvibratoires.fr\/index.php\/wp-json\/wp\/v2\/pages\/821\/revisions"}],"predecessor-version":[{"id":1064,"href":"https:\/\/www.institutdeslangagesvibratoires.fr\/index.php\/wp-json\/wp\/v2\/pages\/821\/revisions\/1064"}],"wp:featuredmedia":[{"embeddable":true,"href":"https:\/\/www.institutdeslangagesvibratoires.fr\/index.php\/wp-json\/wp\/v2\/media\/227"}],"wp:attachment":[{"href":"https:\/\/www.institutdeslangagesvibratoires.fr\/index.php\/wp-json\/wp\/v2\/media?parent=821"}],"curies":[{"name":"wp","href":"https:\/\/api.w.org\/{rel}","templated":true}]}}