{"id":635,"date":"2024-11-24T11:58:36","date_gmt":"2024-11-24T10:58:36","guid":{"rendered":"https:\/\/www.institutdeslangagesvibratoires.fr\/?page_id=635"},"modified":"2025-11-12T18:11:32","modified_gmt":"2025-11-12T17:11:32","slug":"a-propos","status":"publish","type":"page","link":"https:\/\/www.institutdeslangagesvibratoires.fr\/index.php\/a-propos\/","title":{"rendered":"A propos"},"content":{"rendered":"\n<p>Depuis pr\u00e8s de dix ans, Caroline Gassy a accompagn\u00e9 des centaines de personnes sur leur chemin de transformation, en m\u00ealant science, philosophie, spiritualit\u00e9 et exploration int\u00e9rieure.<br>De cette exp\u00e9rience est n\u00e9 l\u2019<strong>Institut des Langages Vibratoires<\/strong> : un lieu d\u00e9di\u00e9 \u00e0 la transmission et \u00e0 la formation, o\u00f9 les professionnels de l\u2019accompagnement apprennent \u00e0 \u00e9largir leur perception, \u00e0 incarner leur pr\u00e9sence, et \u00e0 int\u00e9grer la dimension vibratoire dans leur pratique.<\/p>\n\n\n\n<figure class=\"wp-block-image size-full is-style-default\"><img loading=\"lazy\" decoding=\"async\" width=\"851\" height=\"315\" src=\"https:\/\/www.institutdeslangagesvibratoires.fr\/wp-content\/uploads\/2025\/05\/couverture-ebook3.png\" alt=\"\" class=\"wp-image-914\" srcset=\"https:\/\/www.institutdeslangagesvibratoires.fr\/wp-content\/uploads\/2025\/05\/couverture-ebook3.png 851w, https:\/\/www.institutdeslangagesvibratoires.fr\/wp-content\/uploads\/2025\/05\/couverture-ebook3-300x111.png 300w, https:\/\/www.institutdeslangagesvibratoires.fr\/wp-content\/uploads\/2025\/05\/couverture-ebook3-768x284.png 768w, https:\/\/www.institutdeslangagesvibratoires.fr\/wp-content\/uploads\/2025\/05\/couverture-ebook3-600x222.png 600w\" sizes=\"auto, (max-width: 851px) 100vw, 851px\" \/><\/figure>\n\n\n\n<p>Chaque formation est con\u00e7ue comme une immersion qui transforme autant votre posture professionnelle que votre regard sur le monde.<br>L\u2019objectif est clair : vous permettre de d\u00e9velopper une <strong>posture d&rsquo;aidant stable, consciente et incarn\u00e9e<\/strong>, pour accompagner vos clients ou proches avec plus de justesse et de profondeur.<\/p>\n\n\n\n<h3 class=\"wp-block-heading\">Les formats de formation<\/h3>\n\n\n\n<p>Pour r\u00e9pondre aux diff\u00e9rents besoins, l\u2019Institut propose plusieurs fa\u00e7ons de vivre l\u2019apprentissage des langages vibratoires :<\/p>\n\n\n\n<ul class=\"wp-block-list\">\n<li><strong>Session d\u2019activation des langages<\/strong> : un temps court et intense pour exp\u00e9rimenter la puissance du langage vibratoire et ressentir ses effets imm\u00e9diats. Une premi\u00e8re porte d\u2019entr\u00e9e vers cette pratique.<\/li>\n\n\n\n<li><strong>Une journ\u00e9e compl\u00e8te<\/strong> : en pr\u00e9sentiel ou en visio, pour d\u00e9couvrir et int\u00e9grer les bases de l\u2019approche. Une immersion condens\u00e9e qui permet d\u00e9j\u00e0 de transformer sa perception et sa posture.<\/li>\n\n\n\n<li><strong>Deux jours cons\u00e9cutifs<\/strong> : en pr\u00e9sentiel ou en visio, pour une exp\u00e9rience intensive et transformatrice. Ces deux journ\u00e9es offrent le temps de traverser en profondeur les fondements du langage vibratoire et d\u2019en explorer les applications concr\u00e8tes.<\/li>\n\n\n\n<li><strong>Une immersion d\u2019un mois<\/strong> : un parcours progressif qui permet de plonger dans la pratique, semaine apr\u00e8s semaine, en laissant le temps \u00e0 l\u2019int\u00e9gration. Ce format favorise une transformation durable, \u00e0 la fois personnelle et professionnelle.<\/li>\n<\/ul>\n\n\n\n<blockquote class=\"wp-block-quote is-layout-flow wp-block-quote-is-layout-flow\">\n<p>Aujourd\u2019hui, je transmets en <strong>quelques mois<\/strong> ce que j\u2019ai mis des ann\u00e9es \u00e0 appr\u00e9hender, offrant ainsi un un apprentissage clair, respectueux et adapt\u00e9 \u00e0 chacun.<\/p>\n<\/blockquote>\n\n\n\n<p><\/p>\n\n\n\n<figure class=\"wp-block-image size-full is-style-default\"><img loading=\"lazy\" decoding=\"async\" width=\"1200\" height=\"300\" src=\"https:\/\/www.institutdeslangagesvibratoires.fr\/wp-content\/uploads\/2025\/03\/Design-sans-titre.gif\" alt=\"\" class=\"wp-image-705\"\/><\/figure>\n\n\n\n<div class=\"wp-block-buttons has-custom-font-size has-small-font-size is-horizontal is-content-justification-center is-nowrap is-layout-flex wp-container-core-buttons-is-layout-fc65f29c wp-block-buttons-is-layout-flex\" style=\"font-style:normal;font-weight:500\">\n<div class=\"wp-block-button has-custom-width wp-block-button__width-50 is-style-outline is-style-outline--1\"><a class=\"wp-block-button__link wp-element-button\" href=\"http:\/\/gassycaroline.com\/mon-parcours\/\">D\u00e9couvrir mon parcours<\/a><\/div>\n<\/div>\n\n\n\n<figure class=\"wp-block-image size-full\"><img loading=\"lazy\" decoding=\"async\" width=\"1200\" height=\"300\" src=\"https:\/\/www.institutdeslangagesvibratoires.fr\/wp-content\/uploads\/2025\/02\/Design-sans-titre-edited.gif\" alt=\"\" class=\"wp-image-692\"\/><\/figure>\n","protected":false},"excerpt":{"rendered":"<p>Depuis pr\u00e8s de dix ans, Caroline Gassy a accompagn\u00e9 des centaines de personnes sur leur chemin de transformation, en m\u00ealant science, philosophie, spiritualit\u00e9 et exploration int\u00e9rieure.De cette exp\u00e9rience est n\u00e9 l\u2019Institut des Langages Vibratoires : un lieu d\u00e9di\u00e9 \u00e0 la transmission et \u00e0 la formation, o\u00f9 les professionnels de l\u2019accompagnement [&hellip;]<\/p>\n","protected":false},"author":1,"featured_media":621,"parent":0,"menu_order":0,"comment_status":"closed","ping_status":"closed","template":"","meta":{"footnotes":""},"class_list":["post-635","page","type-page","status-publish","has-post-thumbnail","hentry"],"_links":{"self":[{"href":"https:\/\/www.institutdeslangagesvibratoires.fr\/index.php\/wp-json\/wp\/v2\/pages\/635","targetHints":{"allow":["GET"]}}],"collection":[{"href":"https:\/\/www.institutdeslangagesvibratoires.fr\/index.php\/wp-json\/wp\/v2\/pages"}],"about":[{"href":"https:\/\/www.institutdeslangagesvibratoires.fr\/index.php\/wp-json\/wp\/v2\/types\/page"}],"author":[{"embeddable":true,"href":"https:\/\/www.institutdeslangagesvibratoires.fr\/index.php\/wp-json\/wp\/v2\/users\/1"}],"replies":[{"embeddable":true,"href":"https:\/\/www.institutdeslangagesvibratoires.fr\/index.php\/wp-json\/wp\/v2\/comments?post=635"}],"version-history":[{"count":34,"href":"https:\/\/www.institutdeslangagesvibratoires.fr\/index.php\/wp-json\/wp\/v2\/pages\/635\/revisions"}],"predecessor-version":[{"id":1142,"href":"https:\/\/www.institutdeslangagesvibratoires.fr\/index.php\/wp-json\/wp\/v2\/pages\/635\/revisions\/1142"}],"wp:featuredmedia":[{"embeddable":true,"href":"https:\/\/www.institutdeslangagesvibratoires.fr\/index.php\/wp-json\/wp\/v2\/media\/621"}],"wp:attachment":[{"href":"https:\/\/www.institutdeslangagesvibratoires.fr\/index.php\/wp-json\/wp\/v2\/media?parent=635"}],"curies":[{"name":"wp","href":"https:\/\/api.w.org\/{rel}","templated":true}]}}