{"id":2,"date":"2024-06-25T20:53:15","date_gmt":"2024-06-25T18:53:15","guid":{"rendered":"http:\/\/www.institutdeslangagesvibratoires.fr\/?page_id=2"},"modified":"2025-11-22T13:53:56","modified_gmt":"2025-11-22T12:53:56","slug":"page-d-exemple","status":"publish","type":"page","link":"https:\/\/www.institutdeslangagesvibratoires.fr\/","title":{"rendered":"Bienvenue"},"content":{"rendered":"\n<p class=\"has-text-align-center\">Institut des Langages Vibratoires<\/p>\n\n\n\n<h1 class=\"wp-block-heading has-text-align-center\">Le corps parle, apprenez son langage<\/h1>\n\n\n\n<h3 class=\"wp-block-heading has-text-align-center\">Affinez votre qualit\u00e9 de pr\u00e9sence et int\u00e9grez les langages vibratoires dans vos accompagnements et votre quotidien<\/h3>\n\n\n\n<hr class=\"wp-block-separator has-alpha-channel-opacity\"\/>\n\n\n\n<p>L\u2019approche <strong>des langages vibratoires<\/strong> vous permet d\u2019aller plus loin dans votre pratique, en pla\u00e7ant le corps, les \u00e9motions et la vibration au c\u0153ur de vos s\u00e9ances.<\/p>\n\n\n\n<p>En entrant dans cette formation, vous apprenez \u00e0 <strong>ressentir plus finement ce qui se passe en vous et chez l\u2019autre<\/strong>.<br>Vous d\u00e9couvrez comment <strong>tenir une posture th\u00e9rapeutique stable et incarn\u00e9e<\/strong>, qui vous permet de rester pr\u00e9sent en toute circonstance.<\/p>\n\n\n\n<p>Vous allez \u00e9galement apprendre \u00e0 <strong>utiliser les langages vibratoires comme un outil de communication subtile<\/strong>, pour aller au-del\u00e0 des mots et toucher directement l\u2019essence de la personne.<br>Et, pas \u00e0 pas, vous saurez <strong>accueillir et transformer les r\u00e9sistances \u00e9nerg\u00e9tiques et \u00e9motionnelles<\/strong>, sans vous laisser submerger.<\/p>\n\n\n\n<p>Tout cela vous permettra d\u2019<strong>accompagner vos clients avec plus de justesse, de profondeur et de clart\u00e9<\/strong>, tout en restant align\u00e9 avec vous-m\u00eame.<\/p>\n\n\n\n<hr class=\"wp-block-separator has-alpha-channel-opacity\"\/>\n\n\n\n<p class=\"has-text-align-center has-black-color has-text-color has-link-color wp-elements-2f42f4b3485c84721c156f1ce762135d\">I<strong>ncarnez une nouvelle qualit\u00e9 de pr\u00e9sence<\/strong>, claire et vibrante, qui transforme votre pratique et renforce vos soins.<\/p>\n\n\n\n<hr class=\"wp-block-separator has-alpha-channel-opacity\"\/>\n\n\n\n<h3 class=\"wp-block-heading\"><\/h3>\n\n\n<div class=\"wp-block-image\">\n<figure class=\"aligncenter size-medium\"><img loading=\"lazy\" decoding=\"async\" width=\"300\" height=\"75\" src=\"https:\/\/www.institutdeslangagesvibratoires.fr\/wp-content\/uploads\/2025\/02\/Design-sans-titre-300x75.gif\" alt=\"\" class=\"wp-image-670\" srcset=\"https:\/\/www.institutdeslangagesvibratoires.fr\/wp-content\/uploads\/2025\/02\/Design-sans-titre-300x75.gif 300w, https:\/\/www.institutdeslangagesvibratoires.fr\/wp-content\/uploads\/2025\/02\/Design-sans-titre-600x150.gif 600w, https:\/\/www.institutdeslangagesvibratoires.fr\/wp-content\/uploads\/2025\/02\/Design-sans-titre-1024x256.gif 1024w, https:\/\/www.institutdeslangagesvibratoires.fr\/wp-content\/uploads\/2025\/02\/Design-sans-titre-768x192.gif 768w\" sizes=\"auto, (max-width: 300px) 100vw, 300px\" \/><\/figure>\n<\/div>\n\n<div class=\"wp-block-image\">\n<figure class=\"aligncenter size-full is-resized\"><a href=\"https:\/\/www.institutdeslangagesvibratoires.fr\/index.php\/produit\/e-book-reveille-ton-corps-pour-vibrer-pleinement\/\"><img loading=\"lazy\" decoding=\"async\" width=\"1080\" height=\"1080\" src=\"https:\/\/www.institutdeslangagesvibratoires.fr\/wp-content\/uploads\/2025\/05\/pub-insta1.png\" alt=\"\" class=\"wp-image-864\" style=\"object-fit:contain;width:500px;height:500px\" srcset=\"https:\/\/www.institutdeslangagesvibratoires.fr\/wp-content\/uploads\/2025\/05\/pub-insta1.png 1080w, https:\/\/www.institutdeslangagesvibratoires.fr\/wp-content\/uploads\/2025\/05\/pub-insta1-300x300.png 300w, https:\/\/www.institutdeslangagesvibratoires.fr\/wp-content\/uploads\/2025\/05\/pub-insta1-1024x1024.png 1024w, https:\/\/www.institutdeslangagesvibratoires.fr\/wp-content\/uploads\/2025\/05\/pub-insta1-150x150.png 150w, https:\/\/www.institutdeslangagesvibratoires.fr\/wp-content\/uploads\/2025\/05\/pub-insta1-768x768.png 768w, https:\/\/www.institutdeslangagesvibratoires.fr\/wp-content\/uploads\/2025\/05\/pub-insta1-460x460.png 460w, https:\/\/www.institutdeslangagesvibratoires.fr\/wp-content\/uploads\/2025\/05\/pub-insta1-230x230.png 230w, https:\/\/www.institutdeslangagesvibratoires.fr\/wp-content\/uploads\/2025\/05\/pub-insta1-600x600.png 600w, https:\/\/www.institutdeslangagesvibratoires.fr\/wp-content\/uploads\/2025\/05\/pub-insta1-160x160.png 160w\" sizes=\"auto, (max-width: 1080px) 100vw, 1080px\" \/><\/a><\/figure>\n<\/div>\n\n\n<figure class=\"wp-block-image size-full is-resized\"><img loading=\"lazy\" decoding=\"async\" width=\"413\" height=\"413\" src=\"https:\/\/www.institutdeslangagesvibratoires.fr\/wp-content\/uploads\/2024\/07\/seprateur-blanc.png\" alt=\"\" class=\"wp-image-236\" style=\"width:76px;height:auto\" srcset=\"https:\/\/www.institutdeslangagesvibratoires.fr\/wp-content\/uploads\/2024\/07\/seprateur-blanc.png 413w, https:\/\/www.institutdeslangagesvibratoires.fr\/wp-content\/uploads\/2024\/07\/seprateur-blanc-230x230.png 230w, https:\/\/www.institutdeslangagesvibratoires.fr\/wp-content\/uploads\/2024\/07\/seprateur-blanc-160x160.png 160w, https:\/\/www.institutdeslangagesvibratoires.fr\/wp-content\/uploads\/2024\/07\/seprateur-blanc-300x300.png 300w, https:\/\/www.institutdeslangagesvibratoires.fr\/wp-content\/uploads\/2024\/07\/seprateur-blanc-150x150.png 150w\" sizes=\"auto, (max-width: 413px) 100vw, 413px\" \/><\/figure>\n\n\n\n<figure class=\"wp-block-image size-large\"><img loading=\"lazy\" decoding=\"async\" width=\"1024\" height=\"256\" src=\"https:\/\/www.institutdeslangagesvibratoires.fr\/wp-content\/uploads\/2025\/03\/Design-sans-titre-1024x256.gif\" alt=\"\" class=\"wp-image-705\" srcset=\"https:\/\/www.institutdeslangagesvibratoires.fr\/wp-content\/uploads\/2025\/03\/Design-sans-titre-1024x256.gif 1024w, https:\/\/www.institutdeslangagesvibratoires.fr\/wp-content\/uploads\/2025\/03\/Design-sans-titre-600x150.gif 600w, https:\/\/www.institutdeslangagesvibratoires.fr\/wp-content\/uploads\/2025\/03\/Design-sans-titre-300x75.gif 300w, https:\/\/www.institutdeslangagesvibratoires.fr\/wp-content\/uploads\/2025\/03\/Design-sans-titre-768x192.gif 768w\" sizes=\"auto, (max-width: 1024px) 100vw, 1024px\" \/><\/figure>\n\n\n\n<figure class=\"wp-block-image size-full is-resized\"><img loading=\"lazy\" decoding=\"async\" width=\"413\" height=\"413\" src=\"https:\/\/www.institutdeslangagesvibratoires.fr\/wp-content\/uploads\/2024\/07\/seprateur-blanc.png\" alt=\"\" class=\"wp-image-236\" style=\"width:76px;height:auto\" srcset=\"https:\/\/www.institutdeslangagesvibratoires.fr\/wp-content\/uploads\/2024\/07\/seprateur-blanc.png 413w, https:\/\/www.institutdeslangagesvibratoires.fr\/wp-content\/uploads\/2024\/07\/seprateur-blanc-230x230.png 230w, https:\/\/www.institutdeslangagesvibratoires.fr\/wp-content\/uploads\/2024\/07\/seprateur-blanc-160x160.png 160w, https:\/\/www.institutdeslangagesvibratoires.fr\/wp-content\/uploads\/2024\/07\/seprateur-blanc-300x300.png 300w, https:\/\/www.institutdeslangagesvibratoires.fr\/wp-content\/uploads\/2024\/07\/seprateur-blanc-150x150.png 150w\" sizes=\"auto, (max-width: 413px) 100vw, 413px\" \/><\/figure>\n\n\n\n<div class=\"wp-block-buttons has-custom-font-size has-small-font-size is-content-justification-center is-layout-flex wp-container-core-buttons-is-layout-16018d1d wp-block-buttons-is-layout-flex\">\n<div class=\"wp-block-button has-custom-width wp-block-button__width-50 is-style-outline is-style-outline--1\"><a class=\"wp-block-button__link has-small-font-size has-custom-font-size wp-element-button\" href=\"https:\/\/www.institutdeslangagesvibratoires.fr\/index.php\/programme\/\" style=\"border-radius:28px\">Je souhaite en savoir plus<\/a><\/div>\n<\/div>\n\n\n\n<p><\/p>\n","protected":false},"excerpt":{"rendered":"<p>Institut des Langages Vibratoires Le corps parle, apprenez son langage Affinez votre qualit\u00e9 de pr\u00e9sence et int\u00e9grez les langages vibratoires dans vos accompagnements et votre quotidien L\u2019approche des langages vibratoires vous permet d\u2019aller plus loin dans votre pratique, en pla\u00e7ant le corps, les \u00e9motions et la vibration au c\u0153ur de [&hellip;]<\/p>\n","protected":false},"author":1,"featured_media":0,"parent":0,"menu_order":0,"comment_status":"closed","ping_status":"open","template":"","meta":{"footnotes":""},"class_list":["post-2","page","type-page","status-publish","hentry"],"_links":{"self":[{"href":"https:\/\/www.institutdeslangagesvibratoires.fr\/index.php\/wp-json\/wp\/v2\/pages\/2","targetHints":{"allow":["GET"]}}],"collection":[{"href":"https:\/\/www.institutdeslangagesvibratoires.fr\/index.php\/wp-json\/wp\/v2\/pages"}],"about":[{"href":"https:\/\/www.institutdeslangagesvibratoires.fr\/index.php\/wp-json\/wp\/v2\/types\/page"}],"author":[{"embeddable":true,"href":"https:\/\/www.institutdeslangagesvibratoires.fr\/index.php\/wp-json\/wp\/v2\/users\/1"}],"replies":[{"embeddable":true,"href":"https:\/\/www.institutdeslangagesvibratoires.fr\/index.php\/wp-json\/wp\/v2\/comments?post=2"}],"version-history":[{"count":222,"href":"https:\/\/www.institutdeslangagesvibratoires.fr\/index.php\/wp-json\/wp\/v2\/pages\/2\/revisions"}],"predecessor-version":[{"id":1148,"href":"https:\/\/www.institutdeslangagesvibratoires.fr\/index.php\/wp-json\/wp\/v2\/pages\/2\/revisions\/1148"}],"wp:attachment":[{"href":"https:\/\/www.institutdeslangagesvibratoires.fr\/index.php\/wp-json\/wp\/v2\/media?parent=2"}],"curies":[{"name":"wp","href":"https:\/\/api.w.org\/{rel}","templated":true}]}}